{"id":7754,"date":"2024-07-10T18:17:23","date_gmt":"2024-07-10T18:17:23","guid":{"rendered":"http:\/\/agence-aym.ca\/?page_id=7754"},"modified":"2024-08-15T20:49:25","modified_gmt":"2024-08-15T20:49:25","slug":"blogue","status":"publish","type":"page","link":"https:\/\/agence-aym.ca\/en\/blogue\/","title":{"rendered":"Blogue"},"content":{"rendered":"<div data-elementor-type=\"wp-page\" data-elementor-id=\"7754\" class=\"elementor elementor-7754\">\n\t\t\t\t\t\t<header class=\"elementor-section elementor-top-section elementor-element elementor-element-64a37af elementor-section-content-middle elementor-section-stretched elementor-section-height-min-height elementor-section-boxed elementor-section-height-default elementor-section-items-middle\" data-id=\"64a37af\" data-element_type=\"section\" data-e-type=\"section\" data-settings=\"{&quot;background_background&quot;:&quot;classic&quot;,&quot;stretch_section&quot;:&quot;section-stretched&quot;}\">\n\t\t\t\t\t\t\t<div class=\"elementor-background-overlay\"><\/div>\n\t\t\t\t\t\t\t<div class=\"elementor-container elementor-column-gap-no\">\n\t\t\t\t\t<div class=\"elementor-column elementor-col-100 elementor-top-column elementor-element elementor-element-fcfee01\" data-id=\"fcfee01\" data-element_type=\"column\" data-e-type=\"column\">\n\t\t\t<div class=\"elementor-widget-wrap elementor-element-populated\">\n\t\t\t\t\t\t<section class=\"elementor-section elementor-inner-section elementor-element elementor-element-793501c elementor-section-boxed elementor-section-height-default elementor-section-height-default\" data-id=\"793501c\" data-element_type=\"section\" data-e-type=\"section\">\n\t\t\t\t\t\t<div class=\"elementor-container elementor-column-gap-default\">\n\t\t\t\t\t<div class=\"elementor-column elementor-col-100 elementor-inner-column elementor-element elementor-element-ec5f04d\" data-id=\"ec5f04d\" data-element_type=\"column\" data-e-type=\"column\">\n\t\t\t<div class=\"elementor-widget-wrap elementor-element-populated\">\n\t\t\t\t\t\t<div class=\"elementor-element elementor-element-a5d8878 animated-fast elementor-view-default elementor-invisible elementor-widget elementor-widget-icon\" data-id=\"a5d8878\" data-element_type=\"widget\" data-e-type=\"widget\" data-settings=\"{&quot;_animation&quot;:&quot;fadeIn&quot;}\" data-widget_type=\"icon.default\">\n\t\t\t\t<div class=\"elementor-widget-container\">\n\t\t\t\t\t\t\t<div class=\"elementor-icon-wrapper\">\n\t\t\t<div class=\"elementor-icon\">\n\t\t\t<svg aria-hidden=\"true\" class=\"e-font-icon-svg e-fas-pen-fancy\" viewbox=\"0 0 512 512\" xmlns=\"http:\/\/www.w3.org\/2000\/svg\"><path d=\"M79.18 282.94a32.005 32.005 0 0 0-20.24 20.24L0 480l4.69 4.69 92.89-92.89c-.66-2.56-1.57-5.03-1.57-7.8 0-17.67 14.33-32 32-32s32 14.33 32 32-14.33 32-32 32c-2.77 0-5.24-.91-7.8-1.57l-92.89 92.89L32 512l176.82-58.94a31.983 31.983 0 0 0 20.24-20.24l33.07-84.07-98.88-98.88-84.07 33.07zM369.25 28.32L186.14 227.81l97.85 97.85 199.49-183.11C568.4 67.48 443.73-55.94 369.25 28.32z\"><\/path><\/svg>\t\t\t<\/div>\n\t\t<\/div>\n\t\t\t\t\t\t<\/div>\n\t\t\t\t<\/div>\n\t\t\t\t<div class=\"elementor-element elementor-element-858d9f5 animated-fast elementor-invisible elementor-widget elementor-widget-heading\" data-id=\"858d9f5\" data-element_type=\"widget\" data-e-type=\"widget\" data-settings=\"{&quot;_animation&quot;:&quot;zoomIn&quot;}\" data-widget_type=\"heading.default\">\n\t\t\t\t<div class=\"elementor-widget-container\">\n\t\t\t\t\t<h1 class=\"elementor-heading-title elementor-size-medium\">Blogue<\/h1>\t\t\t\t<\/div>\n\t\t\t\t<\/div>\n\t\t\t\t<div class=\"elementor-element elementor-element-149a726 animated-slow elementor-widget-divider--view-line elementor-invisible elementor-widget elementor-widget-divider\" data-id=\"149a726\" data-element_type=\"widget\" data-e-type=\"widget\" data-settings=\"{&quot;_animation&quot;:&quot;lightSpeedIn&quot;}\" data-widget_type=\"divider.default\">\n\t\t\t\t<div class=\"elementor-widget-container\">\n\t\t\t\t\t\t\t<div class=\"elementor-divider\">\n\t\t\t<span class=\"elementor-divider-separator\">\n\t\t\t\t\t\t<\/span>\n\t\t<\/div>\n\t\t\t\t\t\t<\/div>\n\t\t\t\t<\/div>\n\t\t\t\t\t<\/div>\n\t\t<\/div>\n\t\t\t\t\t<\/div>\n\t\t<\/section>\n\t\t\t\t<section class=\"elementor-section elementor-inner-section elementor-element elementor-element-cf2dbc0 elementor-section-boxed elementor-section-height-default elementor-section-height-default\" data-id=\"cf2dbc0\" data-element_type=\"section\" data-e-type=\"section\">\n\t\t\t\t\t\t<div class=\"elementor-container elementor-column-gap-default\">\n\t\t\t\t\t<div class=\"elementor-column elementor-col-100 elementor-inner-column elementor-element elementor-element-b4ffdd4\" data-id=\"b4ffdd4\" data-element_type=\"column\" data-e-type=\"column\">\n\t\t\t<div class=\"elementor-widget-wrap\">\n\t\t\t\t\t\t\t<\/div>\n\t\t<\/div>\n\t\t\t\t\t<\/div>\n\t\t<\/section>\n\t\t\t\t\t<\/div>\n\t\t<\/div>\n\t\t\t\t\t<\/div>\n\t\t<\/header>\n\t\t\t\t<section class=\"elementor-section elementor-top-section elementor-element elementor-element-f702f4f elementor-section-content-middle elementor-section-boxed elementor-section-height-default elementor-section-height-default\" data-id=\"f702f4f\" data-element_type=\"section\" data-e-type=\"section\" data-settings=\"{&quot;background_background&quot;:&quot;gradient&quot;}\">\n\t\t\t\t\t\t<div class=\"elementor-container elementor-column-gap-extended\">\n\t\t\t\t\t<div class=\"elementor-column elementor-col-50 elementor-top-column elementor-element elementor-element-3cc88e4\" data-id=\"3cc88e4\" data-element_type=\"column\" data-e-type=\"column\">\n\t\t\t<div class=\"elementor-widget-wrap elementor-element-populated\">\n\t\t\t\t\t\t<div class=\"elementor-element elementor-element-9e6f52a elementor-widget elementor-widget-image\" data-id=\"9e6f52a\" data-element_type=\"widget\" data-e-type=\"widget\" data-widget_type=\"image.default\">\n\t\t\t\t<div class=\"elementor-widget-container\">\n\t\t\t\t\t\t\t\t\t\t\t\t\t\t\t<img fetchpriority=\"high\" decoding=\"async\" width=\"1024\" height=\"1024\" src=\"https:\/\/agence-aym.ca\/wp-content\/uploads\/2024\/07\/DALL\u00b7E-2024-07-10-14.36.50-An-original-and-creative-depiction-of-SEO-Search-Engine-Optimization-techniques-for-boosting-a-website-to-the-first-page.-Show-a-rocket-ship-launchi.webp\" class=\"attachment-large size-large wp-image-7775\" alt=\"\" srcset=\"https:\/\/agence-aym.ca\/wp-content\/uploads\/2024\/07\/DALL\u00b7E-2024-07-10-14.36.50-An-original-and-creative-depiction-of-SEO-Search-Engine-Optimization-techniques-for-boosting-a-website-to-the-first-page.-Show-a-rocket-ship-launchi.webp 1024w, https:\/\/agence-aym.ca\/wp-content\/uploads\/2024\/07\/DALL\u00b7E-2024-07-10-14.36.50-An-original-and-creative-depiction-of-SEO-Search-Engine-Optimization-techniques-for-boosting-a-website-to-the-first-page.-Show-a-rocket-ship-launchi-300x300.webp 300w, https:\/\/agence-aym.ca\/wp-content\/uploads\/2024\/07\/DALL\u00b7E-2024-07-10-14.36.50-An-original-and-creative-depiction-of-SEO-Search-Engine-Optimization-techniques-for-boosting-a-website-to-the-first-page.-Show-a-rocket-ship-launchi-150x150.webp 150w, https:\/\/agence-aym.ca\/wp-content\/uploads\/2024\/07\/DALL\u00b7E-2024-07-10-14.36.50-An-original-and-creative-depiction-of-SEO-Search-Engine-Optimization-techniques-for-boosting-a-website-to-the-first-page.-Show-a-rocket-ship-launchi-768x768.webp 768w, https:\/\/agence-aym.ca\/wp-content\/uploads\/2024\/07\/DALL\u00b7E-2024-07-10-14.36.50-An-original-and-creative-depiction-of-SEO-Search-Engine-Optimization-techniques-for-boosting-a-website-to-the-first-page.-Show-a-rocket-ship-launchi-12x12.webp 12w\" sizes=\"(max-width: 1024px) 100vw, 1024px\" \/>\t\t\t\t\t\t\t\t\t\t\t\t\t\t\t<\/div>\n\t\t\t\t<\/div>\n\t\t\t\t\t<\/div>\n\t\t<\/div>\n\t\t\t\t<div class=\"elementor-column elementor-col-50 elementor-top-column elementor-element elementor-element-08a6575\" data-id=\"08a6575\" data-element_type=\"column\" data-e-type=\"column\">\n\t\t\t<div class=\"elementor-widget-wrap elementor-element-populated\">\n\t\t\t\t\t\t<div class=\"elementor-element elementor-element-0ef3353 elementor-widget__width-initial elementor-widget elementor-widget-heading\" data-id=\"0ef3353\" data-element_type=\"widget\" data-e-type=\"widget\" data-widget_type=\"heading.default\">\n\t\t\t\t<div class=\"elementor-widget-container\">\n\t\t\t\t\t<h2 class=\"elementor-heading-title elementor-size-default\">R\u00e9f\u00e9rencement Naturel (SEO) : Techniques Incontournables pour Propulser Votre Site en Premi\u00e8re Page<\/h2>\t\t\t\t<\/div>\n\t\t\t\t<\/div>\n\t\t\t\t<div class=\"elementor-element elementor-element-0fea77d elementor-align-right elementor-mobile-align-justify elementor-widget elementor-widget-button\" data-id=\"0fea77d\" data-element_type=\"widget\" data-e-type=\"widget\" data-widget_type=\"button.default\">\n\t\t\t\t<div class=\"elementor-widget-container\">\n\t\t\t\t\t\t\t\t\t<div class=\"elementor-button-wrapper\">\n\t\t\t\t\t<a class=\"elementor-button elementor-button-link elementor-size-lg\" href=\"http:\/\/agence-aym.ca\/en\/le-referencement-naturel-seo-pour-les-sites-web\/\">\n\t\t\t\t\t\t<span class=\"elementor-button-content-wrapper\">\n\t\t\t\t\t\t<span class=\"elementor-button-icon\">\n\t\t\t\t<svg aria-hidden=\"true\" class=\"e-font-icon-svg e-far-arrow-alt-circle-right\" viewbox=\"0 0 512 512\" xmlns=\"http:\/\/www.w3.org\/2000\/svg\"><path d=\"M504 256C504 119 393 8 256 8S8 119 8 256s111 248 248 248 248-111 248-248zm-448 0c0-110.5 89.5-200 200-200s200 89.5 200 200-89.5 200-200 200S56 366.5 56 256zm72 20v-40c0-6.6 5.4-12 12-12h116v-67c0-10.7 12.9-16 20.5-8.5l99 99c4.7 4.7 4.7 12.3 0 17l-99 99c-7.6 7.6-20.5 2.2-20.5-8.5v-67H140c-6.6 0-12-5.4-12-12z\"><\/path><\/svg>\t\t\t<\/span>\n\t\t\t\t\t\t\t\t\t<span class=\"elementor-button-text\">Lire l'article<\/span>\n\t\t\t\t\t<\/span>\n\t\t\t\t\t<\/a>\n\t\t\t\t<\/div>\n\t\t\t\t\t\t\t\t<\/div>\n\t\t\t\t<\/div>\n\t\t\t\t\t<\/div>\n\t\t<\/div>\n\t\t\t\t\t<\/div>\n\t\t<\/section>\n\t\t\t\t<section class=\"elementor-section elementor-top-section elementor-element elementor-element-a27af36 elementor-section-content-middle elementor-hidden-desktop elementor-hidden-tablet elementor-hidden-mobile elementor-section-boxed elementor-section-height-default elementor-section-height-default\" data-id=\"a27af36\" data-element_type=\"section\" data-e-type=\"section\" data-settings=\"{&quot;background_background&quot;:&quot;classic&quot;}\">\n\t\t\t\t\t\t<div class=\"elementor-container elementor-column-gap-extended\">\n\t\t\t\t\t<div class=\"elementor-column elementor-col-50 elementor-top-column elementor-element elementor-element-cba246e\" data-id=\"cba246e\" data-element_type=\"column\" data-e-type=\"column\">\n\t\t\t<div class=\"elementor-widget-wrap elementor-element-populated\">\n\t\t\t\t\t\t<div class=\"elementor-element elementor-element-8594fbd elementor-widget elementor-widget-heading\" data-id=\"8594fbd\" data-element_type=\"widget\" data-e-type=\"widget\" data-widget_type=\"heading.default\">\n\t\t\t\t<div class=\"elementor-widget-container\">\n\t\t\t\t\t<h2 class=\"elementor-heading-title elementor-size-default\">Paragraph Title\n<\/h2>\t\t\t\t<\/div>\n\t\t\t\t<\/div>\n\t\t\t\t<div class=\"elementor-element elementor-element-273a80d elementor-widget elementor-widget-text-editor\" data-id=\"273a80d\" data-element_type=\"widget\" data-e-type=\"widget\" data-widget_type=\"text-editor.default\">\n\t\t\t\t<div class=\"elementor-widget-container\">\n\t\t\t\t\t\t\t\t\t<p>Lorem ipsum dolor sit amet, consectetur adipiscing elit, sed do eiusmod tempor incididunt ut labore et dolore magna aliqua. Ut enim ad mi eam, quis nostrud exercitation ullamco laboris nisi Lorem ipsum dolor sit amet, consectetur adipiscing elit, sed do eiusmod tempor incididunt ut labore.<\/p>\t\t\t\t\t\t\t\t<\/div>\n\t\t\t\t<\/div>\n\t\t\t\t<div class=\"elementor-element elementor-element-27e84f0 elementor-align-left elementor-mobile-align-justify elementor-widget elementor-widget-button\" data-id=\"27e84f0\" data-element_type=\"widget\" data-e-type=\"widget\" data-widget_type=\"button.default\">\n\t\t\t\t<div class=\"elementor-widget-container\">\n\t\t\t\t\t\t\t\t\t<div class=\"elementor-button-wrapper\">\n\t\t\t\t\t<a class=\"elementor-button elementor-size-lg\" role=\"button\">\n\t\t\t\t\t\t<span class=\"elementor-button-content-wrapper\">\n\t\t\t\t\t\t\t\t\t<span class=\"elementor-button-text\">Primary Button<\/span>\n\t\t\t\t\t<\/span>\n\t\t\t\t\t<\/a>\n\t\t\t\t<\/div>\n\t\t\t\t\t\t\t\t<\/div>\n\t\t\t\t<\/div>\n\t\t\t\t\t<\/div>\n\t\t<\/div>\n\t\t\t\t<div class=\"elementor-column elementor-col-50 elementor-top-column elementor-element elementor-element-ec4057d\" data-id=\"ec4057d\" data-element_type=\"column\" data-e-type=\"column\">\n\t\t\t<div class=\"elementor-widget-wrap elementor-element-populated\">\n\t\t\t\t\t\t<div class=\"elementor-element elementor-element-276a45d elementor-widget elementor-widget-image\" data-id=\"276a45d\" data-element_type=\"widget\" data-e-type=\"widget\" data-widget_type=\"image.default\">\n\t\t\t\t<div class=\"elementor-widget-container\">\n\t\t\t\t\t\t\t\t\t\t\t\t\t\t\t<img decoding=\"async\" src=\"https:\/\/api.themeisle.com\/templates-data\/2021\/05\/ebf0233ced7259cf0838b7ba6d3aee076d7pe8bz7ocf0t72h6cp\/images\/neve-patterns-20.jpg\" title=\"\" alt=\"\" loading=\"lazy\" \/>\t\t\t\t\t\t\t\t\t\t\t\t\t\t\t<\/div>\n\t\t\t\t<\/div>\n\t\t\t\t\t<\/div>\n\t\t<\/div>\n\t\t\t\t\t<\/div>\n\t\t<\/section>\n\t\t\t\t<section class=\"elementor-section elementor-top-section elementor-element elementor-element-1fad03c elementor-hidden-desktop elementor-hidden-tablet elementor-hidden-mobile elementor-section-boxed elementor-section-height-default elementor-section-height-default\" data-id=\"1fad03c\" data-element_type=\"section\" data-e-type=\"section\" data-settings=\"{&quot;background_background&quot;:&quot;classic&quot;}\">\n\t\t\t\t\t\t<div class=\"elementor-container elementor-column-gap-default\">\n\t\t\t\t\t<div class=\"elementor-column elementor-col-100 elementor-top-column elementor-element elementor-element-0535e1c\" data-id=\"0535e1c\" data-element_type=\"column\" data-e-type=\"column\">\n\t\t\t<div class=\"elementor-widget-wrap elementor-element-populated\">\n\t\t\t\t\t\t<div class=\"elementor-element elementor-element-9fab290 elementor-widget elementor-widget-heading\" data-id=\"9fab290\" data-element_type=\"widget\" data-e-type=\"widget\" data-widget_type=\"heading.default\">\n\t\t\t\t<div class=\"elementor-widget-container\">\n\t\t\t\t\t<h2 class=\"elementor-heading-title elementor-size-default\">Call To Action\n<\/h2>\t\t\t\t<\/div>\n\t\t\t\t<\/div>\n\t\t\t\t<div class=\"elementor-element elementor-element-8fdd682 elementor-widget elementor-widget-text-editor\" data-id=\"8fdd682\" data-element_type=\"widget\" data-e-type=\"widget\" data-widget_type=\"text-editor.default\">\n\t\t\t\t<div class=\"elementor-widget-container\">\n\t\t\t\t\t\t\t\t\t<p>Synergestic actionables. Organic growth deep dive but circle back or but<br \/>what\u2019s the real problem we\u2019re trying to solve here<\/p>\t\t\t\t\t\t\t\t<\/div>\n\t\t\t\t<\/div>\n\t\t\t\t<div class=\"elementor-element elementor-element-e97741f elementor-align-center elementor-mobile-align-justify elementor-widget elementor-widget-button\" data-id=\"e97741f\" data-element_type=\"widget\" data-e-type=\"widget\" data-widget_type=\"button.default\">\n\t\t\t\t<div class=\"elementor-widget-container\">\n\t\t\t\t\t\t\t\t\t<div class=\"elementor-button-wrapper\">\n\t\t\t\t\t<a class=\"elementor-button elementor-size-lg\" role=\"button\">\n\t\t\t\t\t\t<span class=\"elementor-button-content-wrapper\">\n\t\t\t\t\t\t\t\t\t<span class=\"elementor-button-text\">Secondary Button<\/span>\n\t\t\t\t\t<\/span>\n\t\t\t\t\t<\/a>\n\t\t\t\t<\/div>\n\t\t\t\t\t\t\t\t<\/div>\n\t\t\t\t<\/div>\n\t\t\t\t\t<\/div>\n\t\t<\/div>\n\t\t\t\t\t<\/div>\n\t\t<\/section>\n\t\t\t\t<\/div>","protected":false},"excerpt":{"rendered":"<p>Blogue R\u00e9f\u00e9rencement Naturel (SEO) : Techniques Incontournables pour Propulser Votre Site en Premi\u00e8re Page Lire l&rsquo;article Paragraph Title Lorem ipsum dolor sit amet, consectetur adipiscing elit, sed do eiusmod tempor incididunt ut labore et dolore magna aliqua. Ut enim ad mi eam, quis nostrud exercitation ullamco laboris nisi Lorem ipsum dolor sit amet, consectetur adipiscing&#8230;<\/p>","protected":false},"author":1,"featured_media":0,"parent":0,"menu_order":0,"comment_status":"closed","ping_status":"closed","template":"elementor_header_footer","meta":{"_coblocks_attr":"","_coblocks_dimensions":"","_coblocks_responsive_height":"","_coblocks_accordion_ie_support":"","_eb_attr":"","content-type":"","_kadence_starter_templates_imported_post":false,"_kad_post_transparent":"","_kad_post_title":"","_kad_post_layout":"","_kad_post_sidebar_id":"","_kad_post_content_style":"","_kad_post_vertical_padding":"","_kad_post_feature":"","_kad_post_feature_position":"","_kad_post_header":false,"_kad_post_footer":false,"_kad_post_classname":"","_joinchat":[],"footnotes":""},"class_list":["post-7754","page","type-page","status-publish","hentry"],"yoast_head":"<!-- This site is optimized with the Yoast SEO plugin v27.4 - https:\/\/yoast.com\/product\/yoast-seo-wordpress\/ -->\n<title>Blogue - Agence e-commerce | Solutions web pour entreprises<\/title>\n<meta name=\"robots\" content=\"index, follow, max-snippet:-1, max-image-preview:large, max-video-preview:-1\" \/>\n<link rel=\"canonical\" href=\"https:\/\/agence-aym.ca\/en\/blogue\/\" \/>\n<meta property=\"og:locale\" content=\"en_US\" \/>\n<meta property=\"og:type\" content=\"article\" \/>\n<meta property=\"og:title\" content=\"Blogue - Agence e-commerce | Solutions web pour entreprises\" \/>\n<meta property=\"og:description\" content=\"Blogue R\u00e9f\u00e9rencement Naturel (SEO) : Techniques Incontournables pour Propulser Votre Site en Premi\u00e8re Page Lire l&rsquo;article Paragraph Title Lorem ipsum dolor sit amet, consectetur adipiscing elit, sed do eiusmod tempor incididunt ut labore et dolore magna aliqua. Ut enim ad mi eam, quis nostrud exercitation ullamco laboris nisi Lorem ipsum dolor sit amet, consectetur adipiscing...\" \/>\n<meta property=\"og:url\" content=\"https:\/\/agence-aym.ca\/en\/blogue\/\" \/>\n<meta property=\"og:site_name\" content=\"Agence e-commerce | Solutions web pour entreprises\" \/>\n<meta property=\"article:modified_time\" content=\"2024-08-15T20:49:25+00:00\" \/>\n<meta property=\"og:image\" content=\"https:\/\/api.themeisle.com\/templates-data\/2021\/05\/ebf0233ced7259cf0838b7ba6d3aee076d7pe8bz7ocf0t72h6cp\/images\/neve-patterns-20.jpg\" \/>\n<meta name=\"twitter:card\" content=\"summary_large_image\" \/>\n<meta name=\"twitter:label1\" content=\"Est. reading time\" \/>\n\t<meta name=\"twitter:data1\" content=\"1 minute\" \/>\n<script type=\"application\/ld+json\" class=\"yoast-schema-graph\">{\"@context\":\"https:\\\/\\\/schema.org\",\"@graph\":[{\"@type\":\"WebPage\",\"@id\":\"https:\\\/\\\/agence-aym.ca\\\/blogue\\\/\",\"url\":\"https:\\\/\\\/agence-aym.ca\\\/blogue\\\/\",\"name\":\"Blogue - Agence e-commerce | Solutions web pour entreprises\",\"isPartOf\":{\"@id\":\"https:\\\/\\\/agence-aym.ca\\\/#website\"},\"primaryImageOfPage\":{\"@id\":\"https:\\\/\\\/agence-aym.ca\\\/blogue\\\/#primaryimage\"},\"image\":{\"@id\":\"https:\\\/\\\/agence-aym.ca\\\/blogue\\\/#primaryimage\"},\"thumbnailUrl\":\"https:\\\/\\\/api.themeisle.com\\\/templates-data\\\/2021\\\/05\\\/ebf0233ced7259cf0838b7ba6d3aee076d7pe8bz7ocf0t72h6cp\\\/images\\\/neve-patterns-20.jpg\",\"datePublished\":\"2024-07-10T18:17:23+00:00\",\"dateModified\":\"2024-08-15T20:49:25+00:00\",\"breadcrumb\":{\"@id\":\"https:\\\/\\\/agence-aym.ca\\\/blogue\\\/#breadcrumb\"},\"inLanguage\":\"en-CA\",\"potentialAction\":[{\"@type\":\"ReadAction\",\"target\":[\"https:\\\/\\\/agence-aym.ca\\\/blogue\\\/\"]}]},{\"@type\":\"ImageObject\",\"inLanguage\":\"en-CA\",\"@id\":\"https:\\\/\\\/agence-aym.ca\\\/blogue\\\/#primaryimage\",\"url\":\"https:\\\/\\\/api.themeisle.com\\\/templates-data\\\/2021\\\/05\\\/ebf0233ced7259cf0838b7ba6d3aee076d7pe8bz7ocf0t72h6cp\\\/images\\\/neve-patterns-20.jpg\",\"contentUrl\":\"https:\\\/\\\/api.themeisle.com\\\/templates-data\\\/2021\\\/05\\\/ebf0233ced7259cf0838b7ba6d3aee076d7pe8bz7ocf0t72h6cp\\\/images\\\/neve-patterns-20.jpg\"},{\"@type\":\"BreadcrumbList\",\"@id\":\"https:\\\/\\\/agence-aym.ca\\\/blogue\\\/#breadcrumb\",\"itemListElement\":[{\"@type\":\"ListItem\",\"position\":1,\"name\":\"Home\",\"item\":\"https:\\\/\\\/agence-aym.ca\\\/\"},{\"@type\":\"ListItem\",\"position\":2,\"name\":\"Blogue\"}]},{\"@type\":\"WebSite\",\"@id\":\"https:\\\/\\\/agence-aym.ca\\\/#website\",\"url\":\"https:\\\/\\\/agence-aym.ca\\\/\",\"name\":\"Agence e-commerce | Solutions web pour entreprises\",\"description\":\"\",\"publisher\":{\"@id\":\"https:\\\/\\\/agence-aym.ca\\\/#organization\"},\"potentialAction\":[{\"@type\":\"SearchAction\",\"target\":{\"@type\":\"EntryPoint\",\"urlTemplate\":\"https:\\\/\\\/agence-aym.ca\\\/?s={search_term_string}\"},\"query-input\":{\"@type\":\"PropertyValueSpecification\",\"valueRequired\":true,\"valueName\":\"search_term_string\"}}],\"inLanguage\":\"en-CA\"},{\"@type\":\"Organization\",\"@id\":\"https:\\\/\\\/agence-aym.ca\\\/#organization\",\"name\":\"Agence E-commerce AYM\",\"alternateName\":\"AYM\",\"url\":\"https:\\\/\\\/agence-aym.ca\\\/\",\"logo\":{\"@type\":\"ImageObject\",\"inLanguage\":\"en-CA\",\"@id\":\"https:\\\/\\\/agence-aym.ca\\\/#\\\/schema\\\/logo\\\/image\\\/\",\"url\":\"http:\\\/\\\/agence-aym.ca\\\/wp-content\\\/uploads\\\/2024\\\/08\\\/AYMlogo-2.png\",\"contentUrl\":\"http:\\\/\\\/agence-aym.ca\\\/wp-content\\\/uploads\\\/2024\\\/08\\\/AYMlogo-2.png\",\"width\":512,\"height\":512,\"caption\":\"Agence E-commerce AYM\"},\"image\":{\"@id\":\"https:\\\/\\\/agence-aym.ca\\\/#\\\/schema\\\/logo\\\/image\\\/\"}}]}<\/script>\n<!-- \/ Yoast SEO plugin. -->","yoast_head_json":{"title":"Blogue - Agence e-commerce | Solutions web pour entreprises","robots":{"index":"index","follow":"follow","max-snippet":"max-snippet:-1","max-image-preview":"max-image-preview:large","max-video-preview":"max-video-preview:-1"},"canonical":"https:\/\/agence-aym.ca\/en\/blogue\/","og_locale":"en_US","og_type":"article","og_title":"Blogue - Agence e-commerce | Solutions web pour entreprises","og_description":"Blogue R\u00e9f\u00e9rencement Naturel (SEO) : Techniques Incontournables pour Propulser Votre Site en Premi\u00e8re Page Lire l&rsquo;article Paragraph Title Lorem ipsum dolor sit amet, consectetur adipiscing elit, sed do eiusmod tempor incididunt ut labore et dolore magna aliqua. Ut enim ad mi eam, quis nostrud exercitation ullamco laboris nisi Lorem ipsum dolor sit amet, consectetur adipiscing...","og_url":"https:\/\/agence-aym.ca\/en\/blogue\/","og_site_name":"Agence e-commerce | Solutions web pour entreprises","article_modified_time":"2024-08-15T20:49:25+00:00","og_image":[{"url":"https:\/\/api.themeisle.com\/templates-data\/2021\/05\/ebf0233ced7259cf0838b7ba6d3aee076d7pe8bz7ocf0t72h6cp\/images\/neve-patterns-20.jpg","type":"","width":"","height":""}],"twitter_card":"summary_large_image","twitter_misc":{"Est. reading time":"1 minute"},"schema":{"@context":"https:\/\/schema.org","@graph":[{"@type":"WebPage","@id":"https:\/\/agence-aym.ca\/blogue\/","url":"https:\/\/agence-aym.ca\/blogue\/","name":"Blogue - Agence e-commerce | Solutions web pour entreprises","isPartOf":{"@id":"https:\/\/agence-aym.ca\/#website"},"primaryImageOfPage":{"@id":"https:\/\/agence-aym.ca\/blogue\/#primaryimage"},"image":{"@id":"https:\/\/agence-aym.ca\/blogue\/#primaryimage"},"thumbnailUrl":"https:\/\/api.themeisle.com\/templates-data\/2021\/05\/ebf0233ced7259cf0838b7ba6d3aee076d7pe8bz7ocf0t72h6cp\/images\/neve-patterns-20.jpg","datePublished":"2024-07-10T18:17:23+00:00","dateModified":"2024-08-15T20:49:25+00:00","breadcrumb":{"@id":"https:\/\/agence-aym.ca\/blogue\/#breadcrumb"},"inLanguage":"en-CA","potentialAction":[{"@type":"ReadAction","target":["https:\/\/agence-aym.ca\/blogue\/"]}]},{"@type":"ImageObject","inLanguage":"en-CA","@id":"https:\/\/agence-aym.ca\/blogue\/#primaryimage","url":"https:\/\/api.themeisle.com\/templates-data\/2021\/05\/ebf0233ced7259cf0838b7ba6d3aee076d7pe8bz7ocf0t72h6cp\/images\/neve-patterns-20.jpg","contentUrl":"https:\/\/api.themeisle.com\/templates-data\/2021\/05\/ebf0233ced7259cf0838b7ba6d3aee076d7pe8bz7ocf0t72h6cp\/images\/neve-patterns-20.jpg"},{"@type":"BreadcrumbList","@id":"https:\/\/agence-aym.ca\/blogue\/#breadcrumb","itemListElement":[{"@type":"ListItem","position":1,"name":"Home","item":"https:\/\/agence-aym.ca\/"},{"@type":"ListItem","position":2,"name":"Blogue"}]},{"@type":"WebSite","@id":"https:\/\/agence-aym.ca\/#website","url":"https:\/\/agence-aym.ca\/","name":"Agence e-commerce | Solutions web pour entreprises","description":"","publisher":{"@id":"https:\/\/agence-aym.ca\/#organization"},"potentialAction":[{"@type":"SearchAction","target":{"@type":"EntryPoint","urlTemplate":"https:\/\/agence-aym.ca\/?s={search_term_string}"},"query-input":{"@type":"PropertyValueSpecification","valueRequired":true,"valueName":"search_term_string"}}],"inLanguage":"en-CA"},{"@type":"Organization","@id":"https:\/\/agence-aym.ca\/#organization","name":"Agence E-commerce AYM","alternateName":"AYM","url":"https:\/\/agence-aym.ca\/","logo":{"@type":"ImageObject","inLanguage":"en-CA","@id":"https:\/\/agence-aym.ca\/#\/schema\/logo\/image\/","url":"http:\/\/agence-aym.ca\/wp-content\/uploads\/2024\/08\/AYMlogo-2.png","contentUrl":"http:\/\/agence-aym.ca\/wp-content\/uploads\/2024\/08\/AYMlogo-2.png","width":512,"height":512,"caption":"Agence E-commerce AYM"},"image":{"@id":"https:\/\/agence-aym.ca\/#\/schema\/logo\/image\/"}}]}},"_links":{"self":[{"href":"https:\/\/agence-aym.ca\/en\/wp-json\/wp\/v2\/pages\/7754","targetHints":{"allow":["GET"]}}],"collection":[{"href":"https:\/\/agence-aym.ca\/en\/wp-json\/wp\/v2\/pages"}],"about":[{"href":"https:\/\/agence-aym.ca\/en\/wp-json\/wp\/v2\/types\/page"}],"author":[{"embeddable":true,"href":"https:\/\/agence-aym.ca\/en\/wp-json\/wp\/v2\/users\/1"}],"replies":[{"embeddable":true,"href":"https:\/\/agence-aym.ca\/en\/wp-json\/wp\/v2\/comments?post=7754"}],"version-history":[{"count":0,"href":"https:\/\/agence-aym.ca\/en\/wp-json\/wp\/v2\/pages\/7754\/revisions"}],"wp:attachment":[{"href":"https:\/\/agence-aym.ca\/en\/wp-json\/wp\/v2\/media?parent=7754"}],"curies":[{"name":"wp","href":"https:\/\/api.w.org\/{rel}","templated":true}]}}