{"id":33,"date":"2023-02-06T02:28:41","date_gmt":"2023-02-06T02:28:41","guid":{"rendered":"http:\/\/agence-aym.ca\/?page_id=33"},"modified":"2024-08-29T15:28:38","modified_gmt":"2024-08-29T15:28:38","slug":"qui-sommes-nous","status":"publish","type":"page","link":"https:\/\/agence-aym.ca\/en\/qui-sommes-nous\/","title":{"rendered":"About-us"},"content":{"rendered":"<div data-elementor-type=\"wp-page\" data-elementor-id=\"33\" class=\"elementor elementor-33\">\n\t\t\t\t\t\t<section class=\"elementor-section elementor-top-section elementor-element elementor-element-246f1da elementor-section-boxed elementor-section-height-default elementor-section-height-default\" data-id=\"246f1da\" data-element_type=\"section\" data-e-type=\"section\" data-settings=\"{&quot;background_background&quot;:&quot;classic&quot;}\">\n\t\t\t\t\t\t\t<div class=\"elementor-background-overlay\"><\/div>\n\t\t\t\t\t\t\t<div class=\"elementor-container elementor-column-gap-no\">\n\t\t\t\t\t<div class=\"elementor-column elementor-col-100 elementor-top-column elementor-element elementor-element-4bd0836d\" data-id=\"4bd0836d\" data-element_type=\"column\" data-e-type=\"column\">\n\t\t\t<div class=\"elementor-widget-wrap elementor-element-populated\">\n\t\t\t\t\t\t<div class=\"elementor-element elementor-element-1dc64b2c elementor-widget elementor-widget-heading\" data-id=\"1dc64b2c\" data-element_type=\"widget\" data-e-type=\"widget\" data-widget_type=\"heading.default\">\n\t\t\t\t<div class=\"elementor-widget-container\">\n\t\t\t\t\t<h1 class=\"elementor-heading-title elementor-size-default\">About-us<\/h1>\t\t\t\t<\/div>\n\t\t\t\t<\/div>\n\t\t\t\t\t<\/div>\n\t\t<\/div>\n\t\t\t\t\t<\/div>\n\t\t<\/section>\n\t\t\t\t<section class=\"elementor-section elementor-top-section elementor-element elementor-element-65d5838f elementor-section-boxed elementor-section-height-default elementor-section-height-default\" data-id=\"65d5838f\" data-element_type=\"section\" data-e-type=\"section\" data-settings=\"{&quot;background_background&quot;:&quot;classic&quot;}\">\n\t\t\t\t\t\t\t<div class=\"elementor-background-overlay\"><\/div>\n\t\t\t\t\t\t\t<div class=\"elementor-container elementor-column-gap-no\">\n\t\t\t\t\t<div class=\"elementor-column elementor-col-100 elementor-top-column elementor-element elementor-element-136850b2\" data-id=\"136850b2\" data-element_type=\"column\" data-e-type=\"column\">\n\t\t\t<div class=\"elementor-widget-wrap elementor-element-populated\">\n\t\t\t\t\t\t<div class=\"elementor-element elementor-element-8faa52 elementor-invisible elementor-widget elementor-widget-image\" data-id=\"8faa52\" data-element_type=\"widget\" data-e-type=\"widget\" data-settings=\"{&quot;_animation&quot;:&quot;zoomIn&quot;}\" data-widget_type=\"image.default\">\n\t\t\t\t<div class=\"elementor-widget-container\">\n\t\t\t\t\t\t\t\t\t\t\t\t\t\t\t<img fetchpriority=\"high\" decoding=\"async\" width=\"2560\" height=\"1135\" src=\"https:\/\/agence-aym.ca\/wp-content\/uploads\/2023\/02\/BanSection-qui-sommes-nous-scaled.jpg\" class=\"attachment-full size-full wp-image-826\" alt=\"\" srcset=\"https:\/\/agence-aym.ca\/wp-content\/uploads\/2023\/02\/BanSection-qui-sommes-nous-scaled.jpg 2560w, https:\/\/agence-aym.ca\/wp-content\/uploads\/2023\/02\/BanSection-qui-sommes-nous-scaled-600x266.jpg 600w\" sizes=\"(max-width: 2560px) 100vw, 2560px\" \/>\t\t\t\t\t\t\t\t\t\t\t\t\t\t\t<\/div>\n\t\t\t\t<\/div>\n\t\t\t\t<div class=\"elementor-element elementor-element-9f5978b elementor-invisible elementor-widget elementor-widget-text-editor\" data-id=\"9f5978b\" data-element_type=\"widget\" data-e-type=\"widget\" data-settings=\"{&quot;_animation&quot;:&quot;fadeInUp&quot;}\" data-widget_type=\"text-editor.default\">\n\t\t\t\t<div class=\"elementor-widget-container\">\n\t\t\t\t\t\t\t\t\t<p>We are an e-commerce agency specialized in the design of websites and all types of web services.<br \/>We have followed a college training (A.E.C- Attestation of Collegial Studies) in e-commerce coordination and the world of the web has no more secrets for us<\/p>\t\t\t\t\t\t\t\t<\/div>\n\t\t\t\t<\/div>\n\t\t\t\t<div class=\"elementor-element elementor-element-4594ff17 elementor-invisible elementor-widget elementor-widget-text-editor\" data-id=\"4594ff17\" data-element_type=\"widget\" data-e-type=\"widget\" data-settings=\"{&quot;_animation&quot;:&quot;fadeInUp&quot;}\" data-widget_type=\"text-editor.default\">\n\t\t\t\t<div class=\"elementor-widget-container\">\n\t\t\t\t\t\t\t\t\t<p class=\"translation-block\">We support our clients throughout the sales cycle of their businesses and we guarantee them an adequate service based on their needs and adaptable to their competitors.\nTell us about your project by filling out the form at the bottom of this page and we will organize a free virtual consultation with you.<\/p>\t\t\t\t\t\t\t\t<\/div>\n\t\t\t\t<\/div>\n\t\t\t\t<div class=\"elementor-element elementor-element-ee5065c elementor-widget__width-initial elementor-mobile-align-justify elementor-widget-mobile__width-inherit elementor-align-right elementor-widget elementor-widget-button\" data-id=\"ee5065c\" data-element_type=\"widget\" data-e-type=\"widget\" data-widget_type=\"button.default\">\n\t\t\t\t<div class=\"elementor-widget-container\">\n\t\t\t\t\t\t\t\t\t<div class=\"elementor-button-wrapper\">\n\t\t\t\t\t<a class=\"elementor-button elementor-button-link elementor-size-md elementor-animation-bob\" href=\"http:\/\/agence-aym.ca\/en\/contactez-nous\/\">\n\t\t\t\t\t\t<span class=\"elementor-button-content-wrapper\">\n\t\t\t\t\t\t\t\t\t<span class=\"elementor-button-text\">Form<\/span>\n\t\t\t\t\t<\/span>\n\t\t\t\t\t<\/a>\n\t\t\t\t<\/div>\n\t\t\t\t\t\t\t\t<\/div>\n\t\t\t\t<\/div>\n\t\t\t\t\t<\/div>\n\t\t<\/div>\n\t\t\t\t\t<\/div>\n\t\t<\/section>\n\t\t\t\t<\/div>","protected":false},"excerpt":{"rendered":"<p>\u00c0 propos Nous sommes une agence e-commerce sp\u00e9cialis\u00e9e dans la conception de sites web et de tous types de services web .Nous avons suivi une formation coll\u00e9giale (A.E.C- Attestation d&rsquo;\u00e9tudes coll\u00e9giales) en coordination du commerce \u00e9lectronique et le monde du web n&rsquo;a plus de secrets pour nous Nous accompagnons nos clients dans tout le cycle&#8230;<\/p>","protected":false},"author":1,"featured_media":0,"parent":0,"menu_order":0,"comment_status":"closed","ping_status":"closed","template":"elementor_header_footer","meta":{"_coblocks_attr":"","_coblocks_dimensions":"","_coblocks_responsive_height":"","_coblocks_accordion_ie_support":"","_eb_attr":"","content-type":"","_kadence_starter_templates_imported_post":false,"_kad_post_transparent":"","_kad_post_title":"","_kad_post_layout":"","_kad_post_sidebar_id":"","_kad_post_content_style":"","_kad_post_vertical_padding":"","_kad_post_feature":"","_kad_post_feature_position":"","_kad_post_header":false,"_kad_post_footer":false,"_kad_post_classname":"","_joinchat":[],"footnotes":""},"class_list":["post-33","page","type-page","status-publish","hentry"],"yoast_head":"<!-- This site is optimized with the Yoast SEO plugin v27.3 - https:\/\/yoast.com\/product\/yoast-seo-wordpress\/ -->\n<title>\u00c0 propos - Agence e-commerce | Solutions web pour entreprises<\/title>\n<meta name=\"robots\" content=\"index, follow, max-snippet:-1, max-image-preview:large, max-video-preview:-1\" \/>\n<link rel=\"canonical\" href=\"https:\/\/agence-aym.ca\/en\/qui-sommes-nous\/\" \/>\n<meta property=\"og:locale\" content=\"en_US\" \/>\n<meta property=\"og:type\" content=\"article\" \/>\n<meta property=\"og:title\" content=\"\u00c0 propos - Agence e-commerce | Solutions web pour entreprises\" \/>\n<meta property=\"og:description\" content=\"\u00c0 propos Nous sommes une agence e-commerce sp\u00e9cialis\u00e9e dans la conception de sites web et de tous types de services web .Nous avons suivi une formation coll\u00e9giale (A.E.C- Attestation d&rsquo;\u00e9tudes coll\u00e9giales) en coordination du commerce \u00e9lectronique et le monde du web n&rsquo;a plus de secrets pour nous Nous accompagnons nos clients dans tout le cycle...\" \/>\n<meta property=\"og:url\" content=\"https:\/\/agence-aym.ca\/en\/qui-sommes-nous\/\" \/>\n<meta property=\"og:site_name\" content=\"Agence e-commerce | Solutions web pour entreprises\" \/>\n<meta property=\"article:modified_time\" content=\"2024-08-29T15:28:38+00:00\" \/>\n<meta property=\"og:image\" content=\"http:\/\/agence-aym.ca\/wp-content\/uploads\/2023\/02\/BanSection-qui-sommes-nous-scaled.jpg\" \/>\n<meta name=\"twitter:card\" content=\"summary_large_image\" \/>\n<meta name=\"twitter:label1\" content=\"Est. reading time\" \/>\n\t<meta name=\"twitter:data1\" content=\"1 minute\" \/>\n<script type=\"application\/ld+json\" class=\"yoast-schema-graph\">{\"@context\":\"https:\\\/\\\/schema.org\",\"@graph\":[{\"@type\":\"WebPage\",\"@id\":\"https:\\\/\\\/agence-aym.ca\\\/qui-sommes-nous\\\/\",\"url\":\"https:\\\/\\\/agence-aym.ca\\\/qui-sommes-nous\\\/\",\"name\":\"\u00c0 propos - Agence e-commerce | Solutions web pour entreprises\",\"isPartOf\":{\"@id\":\"https:\\\/\\\/agence-aym.ca\\\/#website\"},\"primaryImageOfPage\":{\"@id\":\"https:\\\/\\\/agence-aym.ca\\\/qui-sommes-nous\\\/#primaryimage\"},\"image\":{\"@id\":\"https:\\\/\\\/agence-aym.ca\\\/qui-sommes-nous\\\/#primaryimage\"},\"thumbnailUrl\":\"http:\\\/\\\/agence-aym.ca\\\/wp-content\\\/uploads\\\/2023\\\/02\\\/BanSection-qui-sommes-nous-scaled.jpg\",\"datePublished\":\"2023-02-06T02:28:41+00:00\",\"dateModified\":\"2024-08-29T15:28:38+00:00\",\"breadcrumb\":{\"@id\":\"https:\\\/\\\/agence-aym.ca\\\/qui-sommes-nous\\\/#breadcrumb\"},\"inLanguage\":\"en-CA\",\"potentialAction\":[{\"@type\":\"ReadAction\",\"target\":[\"https:\\\/\\\/agence-aym.ca\\\/qui-sommes-nous\\\/\"]}]},{\"@type\":\"ImageObject\",\"inLanguage\":\"en-CA\",\"@id\":\"https:\\\/\\\/agence-aym.ca\\\/qui-sommes-nous\\\/#primaryimage\",\"url\":\"http:\\\/\\\/agence-aym.ca\\\/wp-content\\\/uploads\\\/2023\\\/02\\\/BanSection-qui-sommes-nous-scaled.jpg\",\"contentUrl\":\"http:\\\/\\\/agence-aym.ca\\\/wp-content\\\/uploads\\\/2023\\\/02\\\/BanSection-qui-sommes-nous-scaled.jpg\"},{\"@type\":\"BreadcrumbList\",\"@id\":\"https:\\\/\\\/agence-aym.ca\\\/qui-sommes-nous\\\/#breadcrumb\",\"itemListElement\":[{\"@type\":\"ListItem\",\"position\":1,\"name\":\"Home\",\"item\":\"https:\\\/\\\/agence-aym.ca\\\/\"},{\"@type\":\"ListItem\",\"position\":2,\"name\":\"\u00c0 propos\"}]},{\"@type\":\"WebSite\",\"@id\":\"https:\\\/\\\/agence-aym.ca\\\/#website\",\"url\":\"https:\\\/\\\/agence-aym.ca\\\/\",\"name\":\"Agence e-commerce | Solutions web pour entreprises\",\"description\":\"\",\"publisher\":{\"@id\":\"https:\\\/\\\/agence-aym.ca\\\/#organization\"},\"potentialAction\":[{\"@type\":\"SearchAction\",\"target\":{\"@type\":\"EntryPoint\",\"urlTemplate\":\"https:\\\/\\\/agence-aym.ca\\\/?s={search_term_string}\"},\"query-input\":{\"@type\":\"PropertyValueSpecification\",\"valueRequired\":true,\"valueName\":\"search_term_string\"}}],\"inLanguage\":\"en-CA\"},{\"@type\":\"Organization\",\"@id\":\"https:\\\/\\\/agence-aym.ca\\\/#organization\",\"name\":\"Agence E-commerce AYM\",\"alternateName\":\"AYM\",\"url\":\"https:\\\/\\\/agence-aym.ca\\\/\",\"logo\":{\"@type\":\"ImageObject\",\"inLanguage\":\"en-CA\",\"@id\":\"https:\\\/\\\/agence-aym.ca\\\/#\\\/schema\\\/logo\\\/image\\\/\",\"url\":\"http:\\\/\\\/agence-aym.ca\\\/wp-content\\\/uploads\\\/2024\\\/08\\\/AYMlogo-2.png\",\"contentUrl\":\"http:\\\/\\\/agence-aym.ca\\\/wp-content\\\/uploads\\\/2024\\\/08\\\/AYMlogo-2.png\",\"width\":512,\"height\":512,\"caption\":\"Agence E-commerce AYM\"},\"image\":{\"@id\":\"https:\\\/\\\/agence-aym.ca\\\/#\\\/schema\\\/logo\\\/image\\\/\"}}]}<\/script>\n<!-- \/ Yoast SEO plugin. -->","yoast_head_json":{"title":"\u00c0 propos - Agence e-commerce | Solutions web pour entreprises","robots":{"index":"index","follow":"follow","max-snippet":"max-snippet:-1","max-image-preview":"max-image-preview:large","max-video-preview":"max-video-preview:-1"},"canonical":"https:\/\/agence-aym.ca\/en\/qui-sommes-nous\/","og_locale":"en_US","og_type":"article","og_title":"\u00c0 propos - Agence e-commerce | Solutions web pour entreprises","og_description":"\u00c0 propos Nous sommes une agence e-commerce sp\u00e9cialis\u00e9e dans la conception de sites web et de tous types de services web .Nous avons suivi une formation coll\u00e9giale (A.E.C- Attestation d&rsquo;\u00e9tudes coll\u00e9giales) en coordination du commerce \u00e9lectronique et le monde du web n&rsquo;a plus de secrets pour nous Nous accompagnons nos clients dans tout le cycle...","og_url":"https:\/\/agence-aym.ca\/en\/qui-sommes-nous\/","og_site_name":"Agence e-commerce | Solutions web pour entreprises","article_modified_time":"2024-08-29T15:28:38+00:00","og_image":[{"url":"http:\/\/agence-aym.ca\/wp-content\/uploads\/2023\/02\/BanSection-qui-sommes-nous-scaled.jpg","type":"","width":"","height":""}],"twitter_card":"summary_large_image","twitter_misc":{"Est. reading time":"1 minute"},"schema":{"@context":"https:\/\/schema.org","@graph":[{"@type":"WebPage","@id":"https:\/\/agence-aym.ca\/qui-sommes-nous\/","url":"https:\/\/agence-aym.ca\/qui-sommes-nous\/","name":"\u00c0 propos - Agence e-commerce | Solutions web pour entreprises","isPartOf":{"@id":"https:\/\/agence-aym.ca\/#website"},"primaryImageOfPage":{"@id":"https:\/\/agence-aym.ca\/qui-sommes-nous\/#primaryimage"},"image":{"@id":"https:\/\/agence-aym.ca\/qui-sommes-nous\/#primaryimage"},"thumbnailUrl":"http:\/\/agence-aym.ca\/wp-content\/uploads\/2023\/02\/BanSection-qui-sommes-nous-scaled.jpg","datePublished":"2023-02-06T02:28:41+00:00","dateModified":"2024-08-29T15:28:38+00:00","breadcrumb":{"@id":"https:\/\/agence-aym.ca\/qui-sommes-nous\/#breadcrumb"},"inLanguage":"en-CA","potentialAction":[{"@type":"ReadAction","target":["https:\/\/agence-aym.ca\/qui-sommes-nous\/"]}]},{"@type":"ImageObject","inLanguage":"en-CA","@id":"https:\/\/agence-aym.ca\/qui-sommes-nous\/#primaryimage","url":"http:\/\/agence-aym.ca\/wp-content\/uploads\/2023\/02\/BanSection-qui-sommes-nous-scaled.jpg","contentUrl":"http:\/\/agence-aym.ca\/wp-content\/uploads\/2023\/02\/BanSection-qui-sommes-nous-scaled.jpg"},{"@type":"BreadcrumbList","@id":"https:\/\/agence-aym.ca\/qui-sommes-nous\/#breadcrumb","itemListElement":[{"@type":"ListItem","position":1,"name":"Home","item":"https:\/\/agence-aym.ca\/"},{"@type":"ListItem","position":2,"name":"\u00c0 propos"}]},{"@type":"WebSite","@id":"https:\/\/agence-aym.ca\/#website","url":"https:\/\/agence-aym.ca\/","name":"Agence e-commerce | Solutions web pour entreprises","description":"","publisher":{"@id":"https:\/\/agence-aym.ca\/#organization"},"potentialAction":[{"@type":"SearchAction","target":{"@type":"EntryPoint","urlTemplate":"https:\/\/agence-aym.ca\/?s={search_term_string}"},"query-input":{"@type":"PropertyValueSpecification","valueRequired":true,"valueName":"search_term_string"}}],"inLanguage":"en-CA"},{"@type":"Organization","@id":"https:\/\/agence-aym.ca\/#organization","name":"Agence E-commerce AYM","alternateName":"AYM","url":"https:\/\/agence-aym.ca\/","logo":{"@type":"ImageObject","inLanguage":"en-CA","@id":"https:\/\/agence-aym.ca\/#\/schema\/logo\/image\/","url":"http:\/\/agence-aym.ca\/wp-content\/uploads\/2024\/08\/AYMlogo-2.png","contentUrl":"http:\/\/agence-aym.ca\/wp-content\/uploads\/2024\/08\/AYMlogo-2.png","width":512,"height":512,"caption":"Agence E-commerce AYM"},"image":{"@id":"https:\/\/agence-aym.ca\/#\/schema\/logo\/image\/"}}]}},"_links":{"self":[{"href":"https:\/\/agence-aym.ca\/en\/wp-json\/wp\/v2\/pages\/33","targetHints":{"allow":["GET"]}}],"collection":[{"href":"https:\/\/agence-aym.ca\/en\/wp-json\/wp\/v2\/pages"}],"about":[{"href":"https:\/\/agence-aym.ca\/en\/wp-json\/wp\/v2\/types\/page"}],"author":[{"embeddable":true,"href":"https:\/\/agence-aym.ca\/en\/wp-json\/wp\/v2\/users\/1"}],"replies":[{"embeddable":true,"href":"https:\/\/agence-aym.ca\/en\/wp-json\/wp\/v2\/comments?post=33"}],"version-history":[{"count":0,"href":"https:\/\/agence-aym.ca\/en\/wp-json\/wp\/v2\/pages\/33\/revisions"}],"wp:attachment":[{"href":"https:\/\/agence-aym.ca\/en\/wp-json\/wp\/v2\/media?parent=33"}],"curies":[{"name":"wp","href":"https:\/\/api.w.org\/{rel}","templated":true}]}}